{"id":6220,"date":"2022-09-22T13:13:28","date_gmt":"2022-09-22T13:13:28","guid":{"rendered":"http:\/\/janvandenbrandt.nl\/?page_id=6220"},"modified":"2023-11-25T18:02:17","modified_gmt":"2023-11-25T18:02:17","slug":"caracal","status":"publish","type":"page","link":"https:\/\/janvandenbrandt.nl\/?page_id=6220","title":{"rendered":"Caracal"},"content":{"rendered":"\t\t<div data-elementor-type=\"wp-page\" data-elementor-id=\"6220\" class=\"elementor elementor-6220\">\n\t\t\t\t\t\t<section class=\"elementor-section elementor-top-section elementor-element elementor-element-08f7663 elementor-section-boxed elementor-section-height-default elementor-section-height-default\" data-id=\"08f7663\" data-element_type=\"section\" data-e-type=\"section\">\n\t\t\t\t\t\t<div class=\"elementor-container elementor-column-gap-default\">\n\t\t\t\t\t<div class=\"elementor-column elementor-col-100 elementor-top-column elementor-element elementor-element-8587ab5\" data-id=\"8587ab5\" data-element_type=\"column\" data-e-type=\"column\" data-settings=\"{&quot;background_background&quot;:&quot;classic&quot;}\">\n\t\t\t<div class=\"elementor-widget-wrap elementor-element-populated\">\n\t\t\t\t\t\t<div class=\"elementor-element elementor-element-658a8ad elementor-widget elementor-widget-text-editor\" data-id=\"658a8ad\" data-element_type=\"widget\" data-e-type=\"widget\" data-widget_type=\"text-editor.default\">\n\t\t\t\t<div class=\"elementor-widget-container\">\n\t\t\t\t\t\t\t\t\t<h4>Caracal<\/h4>\t\t\t\t\t\t\t\t<\/div>\n\t\t\t\t<\/div>\n\t\t\t\t\t<\/div>\n\t\t<\/div>\n\t\t\t\t\t<\/div>\n\t\t<\/section>\n\t\t\t\t<section class=\"elementor-section elementor-top-section elementor-element elementor-element-d8cff82 elementor-section-boxed elementor-section-height-default elementor-section-height-default\" data-id=\"d8cff82\" data-element_type=\"section\" data-e-type=\"section\">\n\t\t\t\t\t\t<div class=\"elementor-container elementor-column-gap-default\">\n\t\t\t\t\t<div class=\"elementor-column elementor-col-100 elementor-top-column elementor-element elementor-element-e45d9df\" data-id=\"e45d9df\" data-element_type=\"column\" data-e-type=\"column\">\n\t\t\t<div class=\"elementor-widget-wrap elementor-element-populated\">\n\t\t\t\t\t\t<div class=\"elementor-element elementor-element-2c14760 elementor-widget elementor-widget-image-gallery\" data-id=\"2c14760\" data-element_type=\"widget\" data-e-type=\"widget\" data-widget_type=\"image-gallery.default\">\n\t\t\t\t<div class=\"elementor-widget-container\">\n\t\t\t\t\t\t\t<div class=\"elementor-image-gallery\">\n\t\t\t<div id='gallery-1' class='gallery galleryid-6220 gallery-columns-2 gallery-size-2048x2048'><figure class='gallery-item'>\n\t\t\t<div class='gallery-icon landscape'>\n\t\t\t\t<a data-elementor-open-lightbox=\"yes\" data-elementor-lightbox-slideshow=\"2c14760\" data-elementor-lightbox-title=\"Naankuse Namibi\u00eb - november 2021\" data-e-action-hash=\"#elementor-action%3Aaction%3Dlightbox%26settings%3DeyJpZCI6NjIxOCwidXJsIjoiaHR0cHM6XC9cL2phbnZhbmRlbmJyYW5kdC5ubFwvd3AtY29udGVudFwvdXBsb2Fkc1wvMjAyMlwvMDlcLzAxLi1DYXJhY2FsLU5hYW5rdXNlLU5hbWliaWUtbm92ZW1iZXItMjAyMS5qcGciLCJzbGlkZXNob3ciOiIyYzE0NzYwIn0%3D\" href='https:\/\/janvandenbrandt.nl\/wp-content\/uploads\/2022\/09\/01.-Caracal-Naankuse-Namibie-november-2021.jpg'><img fetchpriority=\"high\" decoding=\"async\" width=\"2048\" height=\"1365\" src=\"https:\/\/janvandenbrandt.nl\/wp-content\/uploads\/2022\/09\/01.-Caracal-Naankuse-Namibie-november-2021-2048x1365.jpg\" class=\"attachment-2048x2048 size-2048x2048\" alt=\"\" aria-describedby=\"gallery-1-6218\" srcset=\"https:\/\/janvandenbrandt.nl\/wp-content\/uploads\/2022\/09\/01.-Caracal-Naankuse-Namibie-november-2021-2048x1365.jpg 2048w, https:\/\/janvandenbrandt.nl\/wp-content\/uploads\/2022\/09\/01.-Caracal-Naankuse-Namibie-november-2021-300x200.jpg 300w, https:\/\/janvandenbrandt.nl\/wp-content\/uploads\/2022\/09\/01.-Caracal-Naankuse-Namibie-november-2021-1024x683.jpg 1024w, https:\/\/janvandenbrandt.nl\/wp-content\/uploads\/2022\/09\/01.-Caracal-Naankuse-Namibie-november-2021-768x512.jpg 768w, https:\/\/janvandenbrandt.nl\/wp-content\/uploads\/2022\/09\/01.-Caracal-Naankuse-Namibie-november-2021-1536x1024.jpg 1536w\" sizes=\"(max-width: 2048px) 100vw, 2048px\" \/><\/a>\n\t\t\t<\/div>\n\t\t\t\t<figcaption class='wp-caption-text gallery-caption' id='gallery-1-6218'>\n\t\t\t\tCaracal &#8211; Namibi\u00eb\n\t\t\t\t<\/figcaption><\/figure><figure class='gallery-item'>\n\t\t\t<div class='gallery-icon landscape'>\n\t\t\t\t<a data-elementor-open-lightbox=\"yes\" data-elementor-lightbox-slideshow=\"2c14760\" data-elementor-lightbox-title=\"Naankuse Namibi\u00eb - november 2021\" data-e-action-hash=\"#elementor-action%3Aaction%3Dlightbox%26settings%3DeyJpZCI6NjIxOSwidXJsIjoiaHR0cHM6XC9cL2phbnZhbmRlbmJyYW5kdC5ubFwvd3AtY29udGVudFwvdXBsb2Fkc1wvMjAyMlwvMDlcLzAyLi1DYXJhY2FsLU5hYW5rdXNlLU5hbWliaWUtbm92ZW1iZXItMjAyMS1zY2FsZWQuanBnIiwic2xpZGVzaG93IjoiMmMxNDc2MCJ9\" href='https:\/\/janvandenbrandt.nl\/wp-content\/uploads\/2022\/09\/02.-Caracal-Naankuse-Namibie-november-2021-scaled.jpg'><img decoding=\"async\" width=\"2048\" height=\"1365\" src=\"https:\/\/janvandenbrandt.nl\/wp-content\/uploads\/2022\/09\/02.-Caracal-Naankuse-Namibie-november-2021-2048x1365.jpg\" class=\"attachment-2048x2048 size-2048x2048\" alt=\"\" aria-describedby=\"gallery-1-6219\" srcset=\"https:\/\/janvandenbrandt.nl\/wp-content\/uploads\/2022\/09\/02.-Caracal-Naankuse-Namibie-november-2021-2048x1365.jpg 2048w, https:\/\/janvandenbrandt.nl\/wp-content\/uploads\/2022\/09\/02.-Caracal-Naankuse-Namibie-november-2021-300x200.jpg 300w, https:\/\/janvandenbrandt.nl\/wp-content\/uploads\/2022\/09\/02.-Caracal-Naankuse-Namibie-november-2021-1024x683.jpg 1024w, https:\/\/janvandenbrandt.nl\/wp-content\/uploads\/2022\/09\/02.-Caracal-Naankuse-Namibie-november-2021-768x512.jpg 768w, https:\/\/janvandenbrandt.nl\/wp-content\/uploads\/2022\/09\/02.-Caracal-Naankuse-Namibie-november-2021-1536x1024.jpg 1536w\" sizes=\"(max-width: 2048px) 100vw, 2048px\" \/><\/a>\n\t\t\t<\/div>\n\t\t\t\t<figcaption class='wp-caption-text gallery-caption' id='gallery-1-6219'>\n\t\t\t\tCaracal &#8211; Namibi\u00eb\n\t\t\t\t<\/figcaption><\/figure><figure class='gallery-item'>\n\t\t\t<div class='gallery-icon landscape'>\n\t\t\t\t<a data-elementor-open-lightbox=\"yes\" data-elementor-lightbox-slideshow=\"2c14760\" data-elementor-lightbox-title=\"Naankuse Namibi\u00eb - november 2021\" data-e-action-hash=\"#elementor-action%3Aaction%3Dlightbox%26settings%3DeyJpZCI6NjIxNiwidXJsIjoiaHR0cHM6XC9cL2phbnZhbmRlbmJyYW5kdC5ubFwvd3AtY29udGVudFwvdXBsb2Fkc1wvMjAyMlwvMDlcLzAzLi1DYXJhY2FsLU5hYW5rdXNlLU5hbWliaWUtbm92ZW1iZXItMjAyMS1zY2FsZWQuanBnIiwic2xpZGVzaG93IjoiMmMxNDc2MCJ9\" href='https:\/\/janvandenbrandt.nl\/wp-content\/uploads\/2022\/09\/03.-Caracal-Naankuse-Namibie-november-2021-scaled.jpg'><img decoding=\"async\" width=\"2048\" height=\"1366\" src=\"https:\/\/janvandenbrandt.nl\/wp-content\/uploads\/2022\/09\/03.-Caracal-Naankuse-Namibie-november-2021-2048x1366.jpg\" class=\"attachment-2048x2048 size-2048x2048\" alt=\"\" aria-describedby=\"gallery-1-6216\" srcset=\"https:\/\/janvandenbrandt.nl\/wp-content\/uploads\/2022\/09\/03.-Caracal-Naankuse-Namibie-november-2021-2048x1366.jpg 2048w, https:\/\/janvandenbrandt.nl\/wp-content\/uploads\/2022\/09\/03.-Caracal-Naankuse-Namibie-november-2021-300x200.jpg 300w, https:\/\/janvandenbrandt.nl\/wp-content\/uploads\/2022\/09\/03.-Caracal-Naankuse-Namibie-november-2021-1024x683.jpg 1024w, https:\/\/janvandenbrandt.nl\/wp-content\/uploads\/2022\/09\/03.-Caracal-Naankuse-Namibie-november-2021-768x512.jpg 768w, https:\/\/janvandenbrandt.nl\/wp-content\/uploads\/2022\/09\/03.-Caracal-Naankuse-Namibie-november-2021-1536x1024.jpg 1536w\" sizes=\"(max-width: 2048px) 100vw, 2048px\" \/><\/a>\n\t\t\t<\/div>\n\t\t\t\t<figcaption class='wp-caption-text gallery-caption' id='gallery-1-6216'>\n\t\t\t\tCaracal &#8211; Namibi\u00eb\n\t\t\t\t<\/figcaption><\/figure><figure class='gallery-item'>\n\t\t\t<div class='gallery-icon landscape'>\n\t\t\t\t<a data-elementor-open-lightbox=\"yes\" data-elementor-lightbox-slideshow=\"2c14760\" data-elementor-lightbox-title=\"Naankuse Namibi\u00eb - november 2021\" data-e-action-hash=\"#elementor-action%3Aaction%3Dlightbox%26settings%3DeyJpZCI6NjIxNywidXJsIjoiaHR0cHM6XC9cL2phbnZhbmRlbmJyYW5kdC5ubFwvd3AtY29udGVudFwvdXBsb2Fkc1wvMjAyMlwvMDlcLzA0Li1DYXJhY2FsLU5hYW5rdXNlLU5hbWliaWUtbm92ZW1iZXItMjAyMS1zY2FsZWQuanBnIiwic2xpZGVzaG93IjoiMmMxNDc2MCJ9\" href='https:\/\/janvandenbrandt.nl\/wp-content\/uploads\/2022\/09\/04.-Caracal-Naankuse-Namibie-november-2021-scaled.jpg'><img loading=\"lazy\" decoding=\"async\" width=\"2048\" height=\"1366\" src=\"https:\/\/janvandenbrandt.nl\/wp-content\/uploads\/2022\/09\/04.-Caracal-Naankuse-Namibie-november-2021-2048x1366.jpg\" class=\"attachment-2048x2048 size-2048x2048\" alt=\"\" aria-describedby=\"gallery-1-6217\" srcset=\"https:\/\/janvandenbrandt.nl\/wp-content\/uploads\/2022\/09\/04.-Caracal-Naankuse-Namibie-november-2021-2048x1366.jpg 2048w, https:\/\/janvandenbrandt.nl\/wp-content\/uploads\/2022\/09\/04.-Caracal-Naankuse-Namibie-november-2021-300x200.jpg 300w, https:\/\/janvandenbrandt.nl\/wp-content\/uploads\/2022\/09\/04.-Caracal-Naankuse-Namibie-november-2021-1024x683.jpg 1024w, https:\/\/janvandenbrandt.nl\/wp-content\/uploads\/2022\/09\/04.-Caracal-Naankuse-Namibie-november-2021-768x512.jpg 768w, https:\/\/janvandenbrandt.nl\/wp-content\/uploads\/2022\/09\/04.-Caracal-Naankuse-Namibie-november-2021-1536x1024.jpg 1536w\" sizes=\"(max-width: 2048px) 100vw, 2048px\" \/><\/a>\n\t\t\t<\/div>\n\t\t\t\t<figcaption class='wp-caption-text gallery-caption' id='gallery-1-6217'>\n\t\t\t\tCaracal &#8211; Namibi\u00eb\n\t\t\t\t<\/figcaption><\/figure>\n\t\t<\/div>\n\t\t<\/div>\n\t\t\t\t\t\t<\/div>\n\t\t\t\t<\/div>\n\t\t\t\t\t<\/div>\n\t\t<\/div>\n\t\t\t\t\t<\/div>\n\t\t<\/section>\n\t\t\t\t<\/div>\n\t\t","protected":false},"excerpt":{"rendered":"<p>Caracal Caracal &#8211; Namibi\u00eb Caracal &#8211; Namibi\u00eb Caracal &#8211; Namibi\u00eb Caracal &#8211; Namibi\u00eb<\/p>\n","protected":false},"author":2,"featured_media":0,"parent":0,"menu_order":0,"comment_status":"closed","ping_status":"closed","template":"","meta":{"site-sidebar-layout":"no-sidebar","site-content-layout":"page-builder","ast-site-content-layout":"default","site-content-style":"default","site-sidebar-style":"default","ast-global-header-display":"","ast-banner-title-visibility":"","ast-main-header-display":"","ast-hfb-above-header-display":"","ast-hfb-below-header-display":"","ast-hfb-mobile-header-display":"","site-post-title":"disabled","ast-breadcrumbs-content":"","ast-featured-img":"disabled","footer-sml-layout":"","ast-disable-related-posts":"","theme-transparent-header-meta":"","adv-header-id-meta":"","stick-header-meta":"","header-above-stick-meta":"","header-main-stick-meta":"","header-below-stick-meta":"","astra-migrate-meta-layouts":"default","ast-page-background-enabled":"default","ast-page-background-meta":{"desktop":{"background-color":"","background-image":"","background-repeat":"repeat","background-position":"center center","background-size":"auto","background-attachment":"scroll","background-type":"","background-media":"","overlay-type":"","overlay-color":"","overlay-opacity":"","overlay-gradient":""},"tablet":{"background-color":"","background-image":"","background-repeat":"repeat","background-position":"center center","background-size":"auto","background-attachment":"scroll","background-type":"","background-media":"","overlay-type":"","overlay-color":"","overlay-opacity":"","overlay-gradient":""},"mobile":{"background-color":"","background-image":"","background-repeat":"repeat","background-position":"center center","background-size":"auto","background-attachment":"scroll","background-type":"","background-media":"","overlay-type":"","overlay-color":"","overlay-opacity":"","overlay-gradient":""}},"ast-content-background-meta":{"desktop":{"background-color":"var(--ast-global-color-5)","background-image":"","background-repeat":"repeat","background-position":"center center","background-size":"auto","background-attachment":"scroll","background-type":"","background-media":"","overlay-type":"","overlay-color":"","overlay-opacity":"","overlay-gradient":""},"tablet":{"background-color":"var(--ast-global-color-5)","background-image":"","background-repeat":"repeat","background-position":"center center","background-size":"auto","background-attachment":"scroll","background-type":"","background-media":"","overlay-type":"","overlay-color":"","overlay-opacity":"","overlay-gradient":""},"mobile":{"background-color":"var(--ast-global-color-5)","background-image":"","background-repeat":"repeat","background-position":"center center","background-size":"auto","background-attachment":"scroll","background-type":"","background-media":"","overlay-type":"","overlay-color":"","overlay-opacity":"","overlay-gradient":""}},"iawp_total_views":17,"footnotes":""},"class_list":["post-6220","page","type-page","status-publish","hentry"],"_links":{"self":[{"href":"https:\/\/janvandenbrandt.nl\/index.php?rest_route=\/wp\/v2\/pages\/6220","targetHints":{"allow":["GET"]}}],"collection":[{"href":"https:\/\/janvandenbrandt.nl\/index.php?rest_route=\/wp\/v2\/pages"}],"about":[{"href":"https:\/\/janvandenbrandt.nl\/index.php?rest_route=\/wp\/v2\/types\/page"}],"author":[{"embeddable":true,"href":"https:\/\/janvandenbrandt.nl\/index.php?rest_route=\/wp\/v2\/users\/2"}],"replies":[{"embeddable":true,"href":"https:\/\/janvandenbrandt.nl\/index.php?rest_route=%2Fwp%2Fv2%2Fcomments&post=6220"}],"version-history":[{"count":7,"href":"https:\/\/janvandenbrandt.nl\/index.php?rest_route=\/wp\/v2\/pages\/6220\/revisions"}],"predecessor-version":[{"id":12249,"href":"https:\/\/janvandenbrandt.nl\/index.php?rest_route=\/wp\/v2\/pages\/6220\/revisions\/12249"}],"wp:attachment":[{"href":"https:\/\/janvandenbrandt.nl\/index.php?rest_route=%2Fwp%2Fv2%2Fmedia&parent=6220"}],"curies":[{"name":"wp","href":"https:\/\/api.w.org\/{rel}","templated":true}]}}